{"id":16,"date":"2024-05-05T22:24:52","date_gmt":"2024-05-05T22:24:52","guid":{"rendered":"https:\/\/espadanapioneers.com\/fa\/?page_id=16"},"modified":"2024-10-05T08:07:27","modified_gmt":"2024-10-05T08:07:27","slug":"contact-us","status":"publish","type":"page","link":"https:\/\/espadanapioneers.com\/fa\/contact-us\/","title":{"rendered":"\u062a\u0645\u0627\u0633 \u0628\u0627 \u0645\u0627"},"content":{"rendered":"\t\t<div data-elementor-type=\"wp-page\" data-elementor-id=\"16\" class=\"elementor elementor-16\" data-elementor-post-type=\"page\">\n\t\t\t\t<div class=\"wd-negative-gap elementor-element elementor-element-7143df6 e-flex e-con-boxed e-con e-parent\" data-id=\"7143df6\" data-element_type=\"container\">\n\t\t\t\t\t<div class=\"e-con-inner\">\n\t\t<div class=\"elementor-element elementor-element-6dd450f e-con-full e-flex e-con e-child\" data-id=\"6dd450f\" data-element_type=\"container\">\n\t\t\t\t<div class=\"elementor-element elementor-element-4722f27 wd-width-100 elementor-widget elementor-widget-wd_title\" data-id=\"4722f27\" data-element_type=\"widget\" data-widget_type=\"wd_title.default\">\n\t\t\t\t<div class=\"elementor-widget-container\">\n\t\t\t\t\t\t<link rel=\"stylesheet\" id=\"wd-section-title-css\" href=\"https:\/\/espadanapioneers.com\/fa\/wp-content\/themes\/woodmart\/css\/parts\/el-section-title-rtl.min.css?ver=7.6.0\" type=\"text\/css\" media=\"all\" \/> \t\t\t\t\t\t<link rel=\"stylesheet\" id=\"wd-section-title-style-simple-and-brd-css\" href=\"https:\/\/espadanapioneers.com\/fa\/wp-content\/themes\/woodmart\/css\/parts\/el-section-title-style-simple-and-brd-rtl.min.css?ver=7.6.0\" type=\"text\/css\" media=\"all\" \/> \t\t\t\t\t<div class=\"title-wrapper set-mb-s reset-last-child wd-title-color-primary wd-title-style-simple wd-title-size-default text-right\">\n\n\t\t\t\t\t\t\t<div class=\"title-subtitle subtitle-color-primary subtitle-style-default wd-fontsize-xs\">\n\t\t\t\t\t\u062a\u0645\u0627\u0633 \u0628\u0627 \u0645\u0627\t\t\t\t<\/div>\n\t\t\t\n\t\t\t<div class=\"liner-continer\">\n\t\t\t\t<h1 class=\"woodmart-title-container title wd-fontsize-l\">\u0627\u0637\u0644\u0627\u0639\u0627\u062a \u062a\u0645\u0627\u0633<\/h1> \n\t\t\t\t\t\t\t<\/div>\n\n\t\t\t\t\t<\/div>\n\t\t\t\t<\/div>\n\t\t\t\t<\/div>\n\t\t\t\t<div class=\"elementor-element elementor-element-5dbcf49 color-scheme-inherit text-left elementor-widget elementor-widget-text-editor\" data-id=\"5dbcf49\" data-element_type=\"widget\" data-widget_type=\"text-editor.default\">\n\t\t\t\t<div class=\"elementor-widget-container\">\n\t\t\t\t\t\t\t<p>\u0645\u0627 \u062f\u0631 \u067e\u06cc\u0634\u0631\u0648 \u0637\u0628 \u0627\u0633\u067e\u0627\u062f\u0627\u0646\u0627 \u0647\u0645\u0648\u0627\u0631\u0647 \u0622\u0645\u0627\u062f\u0647 \u067e\u0627\u0633\u062e\u06af\u0648\u06cc\u06cc \u0628\u0647 \u0633\u0648\u0627\u0644\u0627\u062a \u0648 \u0646\u06cc\u0627\u0632\u0647\u0627\u06cc \u0634\u0645\u0627 \u0647\u0633\u062a\u06cc\u0645. \u0628\u0631\u0627\u06cc \u062f\u0631\u06cc\u0627\u0641\u062a \u0627\u0637\u0644\u0627\u0639\u0627\u062a \u0628\u06cc\u0634\u062a\u0631\u060c \u0645\u0634\u0627\u0648\u0631\u0647 \u062a\u062e\u0635\u0635\u06cc\u060c \u062b\u0628\u062a \u0633\u0641\u0627\u0631\u0634 \u06cc\u0627 \u062f\u0631\u062e\u0648\u0627\u0633\u062a \u062e\u062f\u0645\u0627\u062a \u067e\u0633 \u0627\u0632 \u0641\u0631\u0648\u0634\u060c \u0628\u0627 \u0645\u0627 \u062a\u0645\u0627\u0633 \u0628\u06af\u06cc\u0631\u06cc\u062f. \u062a\u06cc\u0645 \u0645\u062c\u0631\u0628 \u0648 \u062d\u0631\u0641\u0647\u200c\u0627\u06cc \u0645\u0627 \u062f\u0631 \u0627\u0633\u0631\u0639 \u0648\u0642\u062a \u0628\u0647 \u0634\u0645\u0627 \u067e\u0627\u0633\u062e \u062e\u0648\u0627\u0647\u062f \u062f\u0627\u062f.<\/p>\t\t\t\t\t\t<\/div>\n\t\t\t\t<\/div>\n\t\t\t\t<div class=\"elementor-element elementor-element-514aa16 elementor-position-right elementor-widget__width-initial elementor-view-default elementor-mobile-position-top elementor-vertical-align-top elementor-widget elementor-widget-icon-box\" data-id=\"514aa16\" data-element_type=\"widget\" data-widget_type=\"icon-box.default\">\n\t\t\t\t<div class=\"elementor-widget-container\">\n\t\t\t\t\t<div class=\"elementor-icon-box-wrapper\">\n\n\t\t\t\t\t\t<div class=\"elementor-icon-box-icon\">\n\t\t\t\t<span  class=\"elementor-icon elementor-animation-\">\n\t\t\t\t<svg aria-hidden=\"true\" class=\"e-font-icon-svg e-fas-map-marker-alt\" viewBox=\"0 0 384 512\" xmlns=\"http:\/\/www.w3.org\/2000\/svg\"><path d=\"M172.268 501.67C26.97 291.031 0 269.413 0 192 0 85.961 85.961 0 192 0s192 85.961 192 192c0 77.413-26.97 99.031-172.268 309.67-9.535 13.774-29.93 13.773-39.464 0zM192 272c44.183 0 80-35.817 80-80s-35.817-80-80-80-80 35.817-80 80 35.817 80 80 80z\"><\/path><\/svg>\t\t\t\t<\/span>\n\t\t\t<\/div>\n\t\t\t\n\t\t\t\t\t\t<div class=\"elementor-icon-box-content\">\n\n\t\t\t\t\t\t\t\t\t<h3 class=\"elementor-icon-box-title\">\n\t\t\t\t\t\t<span  >\n\t\t\t\t\t\t\t\u0622\u062f\u0631\u0633 \u062f\u0641\u062a\u0631 \u0645\u0631\u06a9\u0632\u06cc\t\t\t\t\t\t<\/span>\n\t\t\t\t\t<\/h3>\n\t\t\t\t\n\t\t\t\t\t\t\t\t\t<p class=\"elementor-icon-box-description\">\n\t\t\t\t\t\t\u0627\u0635\u0641\u0647\u0627\u0646\u060c \u062e\u06cc\u0627\u0628\u0627\u0646 \u062a\u0648\u062d\u06cc\u062f \u0645\u06cc\u0627\u0646\u06cc\u060c \u0646\u0628\u0634 \u06a9\u0648\u0686\u0647 36\u060c \u0633\u0627\u062e\u062a\u0645\u0627\u0646 \u0622\u0631\u06cc\u0627\u060c \u0637\u0628\u0642\u0647 4\t\t\t\t\t<\/p>\n\t\t\t\t\n\t\t\t<\/div>\n\t\t\t\n\t\t<\/div>\n\t\t\t\t<\/div>\n\t\t\t\t<\/div>\n\t\t\t\t<div class=\"elementor-element elementor-element-d6edd1c elementor-position-right elementor-widget__width-initial elementor-view-default elementor-mobile-position-top elementor-vertical-align-top elementor-widget elementor-widget-icon-box\" data-id=\"d6edd1c\" data-element_type=\"widget\" data-widget_type=\"icon-box.default\">\n\t\t\t\t<div class=\"elementor-widget-container\">\n\t\t\t\t\t<div class=\"elementor-icon-box-wrapper\">\n\n\t\t\t\t\t\t<div class=\"elementor-icon-box-icon\">\n\t\t\t\t<span  class=\"elementor-icon elementor-animation-\">\n\t\t\t\t<svg aria-hidden=\"true\" class=\"e-font-icon-svg e-fas-map-marker-alt\" viewBox=\"0 0 384 512\" xmlns=\"http:\/\/www.w3.org\/2000\/svg\"><path d=\"M172.268 501.67C26.97 291.031 0 269.413 0 192 0 85.961 85.961 0 192 0s192 85.961 192 192c0 77.413-26.97 99.031-172.268 309.67-9.535 13.774-29.93 13.773-39.464 0zM192 272c44.183 0 80-35.817 80-80s-35.817-80-80-80-80 35.817-80 80 35.817 80 80 80z\"><\/path><\/svg>\t\t\t\t<\/span>\n\t\t\t<\/div>\n\t\t\t\n\t\t\t\t\t\t<div class=\"elementor-icon-box-content\">\n\n\t\t\t\t\t\t\t\t\t<h3 class=\"elementor-icon-box-title\">\n\t\t\t\t\t\t<span  >\n\t\t\t\t\t\t\t\u0622\u062f\u0631\u0633 \u0627\u0646\u0628\u0627\u0631 \u0645\u0631\u06a9\u0632\u06cc \u0648 \u06a9\u0627\u0631\u06af\u0627\u0647\t\t\t\t\t\t<\/span>\n\t\t\t\t\t<\/h3>\n\t\t\t\t\n\t\t\t\t\t\t\t\t\t<p class=\"elementor-icon-box-description\">\n\t\t\t\t\t\t\u0627\u0635\u0641\u0647\u0627\u0646\u060c \u0631\u0648\u0634\u0646 \u062f\u0634\u062a\u060c \u062e\u06cc\u0627\u0628\u0627\u0646 \u0637\u0627\u0644\u0642\u0627\u0646\u06cc\u060c \u0641\u0631\u0639\u06cc 3\u060c \u067e\u0644\u0627\u06a9 17\t\t\t\t\t<\/p>\n\t\t\t\t\n\t\t\t<\/div>\n\t\t\t\n\t\t<\/div>\n\t\t\t\t<\/div>\n\t\t\t\t<\/div>\n\t\t\t\t<div class=\"elementor-element elementor-element-09541d5 elementor-position-right elementor-widget__width-initial elementor-view-default elementor-mobile-position-top elementor-vertical-align-top elementor-widget elementor-widget-icon-box\" data-id=\"09541d5\" data-element_type=\"widget\" data-widget_type=\"icon-box.default\">\n\t\t\t\t<div class=\"elementor-widget-container\">\n\t\t\t\t\t<div class=\"elementor-icon-box-wrapper\">\n\n\t\t\t\t\t\t<div class=\"elementor-icon-box-icon\">\n\t\t\t\t<span  class=\"elementor-icon elementor-animation-\">\n\t\t\t\t<svg aria-hidden=\"true\" class=\"e-font-icon-svg e-fas-map-marker-alt\" viewBox=\"0 0 384 512\" xmlns=\"http:\/\/www.w3.org\/2000\/svg\"><path d=\"M172.268 501.67C26.97 291.031 0 269.413 0 192 0 85.961 85.961 0 192 0s192 85.961 192 192c0 77.413-26.97 99.031-172.268 309.67-9.535 13.774-29.93 13.773-39.464 0zM192 272c44.183 0 80-35.817 80-80s-35.817-80-80-80-80 35.817-80 80 35.817 80 80 80z\"><\/path><\/svg>\t\t\t\t<\/span>\n\t\t\t<\/div>\n\t\t\t\n\t\t\t\t\t\t<div class=\"elementor-icon-box-content\">\n\n\t\t\t\t\t\t\t\t\t<h3 class=\"elementor-icon-box-title\">\n\t\t\t\t\t\t<span  >\n\t\t\t\t\t\t\t\u0622\u062f\u0631\u0633 \u062f\u0641\u062a\u0631 \u062a\u0631\u06a9\u06cc\u0647\t\t\t\t\t\t<\/span>\n\t\t\t\t\t<\/h3>\n\t\t\t\t\n\t\t\t\t\t\t\t\t\t<p class=\"elementor-icon-box-description\">\n\t\t\t\t\t\t\u015fair \u00e7elebi sk g\u00fcrta\u015f i\u015f merkesi no 1 i\u00e7 kap\u0131 no 3 ka\u011f\u0131thane istanbul\t\t\t\t\t<\/p>\n\t\t\t\t\n\t\t\t<\/div>\n\t\t\t\n\t\t<\/div>\n\t\t\t\t<\/div>\n\t\t\t\t<\/div>\n\t\t\t\t<div class=\"elementor-element elementor-element-55c4a4e elementor-position-right elementor-widget__width-initial elementor-view-default elementor-mobile-position-top elementor-vertical-align-top elementor-widget elementor-widget-icon-box\" data-id=\"55c4a4e\" data-element_type=\"widget\" data-widget_type=\"icon-box.default\">\n\t\t\t\t<div class=\"elementor-widget-container\">\n\t\t\t\t\t<div class=\"elementor-icon-box-wrapper\">\n\n\t\t\t\t\t\t<div class=\"elementor-icon-box-icon\">\n\t\t\t\t<span  class=\"elementor-icon elementor-animation-\">\n\t\t\t\t<svg aria-hidden=\"true\" class=\"e-font-icon-svg e-fas-map-marker-alt\" viewBox=\"0 0 384 512\" xmlns=\"http:\/\/www.w3.org\/2000\/svg\"><path d=\"M172.268 501.67C26.97 291.031 0 269.413 0 192 0 85.961 85.961 0 192 0s192 85.961 192 192c0 77.413-26.97 99.031-172.268 309.67-9.535 13.774-29.93 13.773-39.464 0zM192 272c44.183 0 80-35.817 80-80s-35.817-80-80-80-80 35.817-80 80 35.817 80 80 80z\"><\/path><\/svg>\t\t\t\t<\/span>\n\t\t\t<\/div>\n\t\t\t\n\t\t\t\t\t\t<div class=\"elementor-icon-box-content\">\n\n\t\t\t\t\t\t\t\t\t<h3 class=\"elementor-icon-box-title\">\n\t\t\t\t\t\t<span  >\n\t\t\t\t\t\t\t\u0622\u062f\u0631\u0633 \u062f\u0641\u062a\u0631 \u06a9\u0627\u0646\u0627\u062f\u0627\t\t\t\t\t\t<\/span>\n\t\t\t\t\t<\/h3>\n\t\t\t\t\n\t\t\t\t\t\t\t\t\t<p class=\"elementor-icon-box-description\">\n\t\t\t\t\t\t14845 Yonge St, 702, Aurora, Ontario, Canada, L4G 6H8\t\t\t\t\t<\/p>\n\t\t\t\t\n\t\t\t<\/div>\n\t\t\t\n\t\t<\/div>\n\t\t\t\t<\/div>\n\t\t\t\t<\/div>\n\t\t\t\t<div class=\"elementor-element elementor-element-4cb35be elementor-position-right elementor-widget__width-initial elementor-view-default elementor-mobile-position-top elementor-vertical-align-top elementor-widget elementor-widget-icon-box\" data-id=\"4cb35be\" data-element_type=\"widget\" data-widget_type=\"icon-box.default\">\n\t\t\t\t<div class=\"elementor-widget-container\">\n\t\t\t\t\t<div class=\"elementor-icon-box-wrapper\">\n\n\t\t\t\t\t\t<div class=\"elementor-icon-box-icon\">\n\t\t\t\t<span  class=\"elementor-icon elementor-animation-\">\n\t\t\t\t<svg aria-hidden=\"true\" class=\"e-font-icon-svg e-fas-phone\" viewBox=\"0 0 512 512\" xmlns=\"http:\/\/www.w3.org\/2000\/svg\"><path d=\"M493.4 24.6l-104-24c-11.3-2.6-22.9 3.3-27.5 13.9l-48 112c-4.2 9.8-1.4 21.3 6.9 28l60.6 49.6c-36 76.7-98.9 140.5-177.2 177.2l-49.6-60.6c-6.8-8.3-18.2-11.1-28-6.9l-112 48C3.9 366.5-2 378.1.6 389.4l24 104C27.1 504.2 36.7 512 48 512c256.1 0 464-207.5 464-464 0-11.2-7.7-20.9-18.6-23.4z\"><\/path><\/svg>\t\t\t\t<\/span>\n\t\t\t<\/div>\n\t\t\t\n\t\t\t\t\t\t<div class=\"elementor-icon-box-content\">\n\n\t\t\t\t\t\t\t\t\t<h3 class=\"elementor-icon-box-title\">\n\t\t\t\t\t\t<span  >\n\t\t\t\t\t\t\t\u0634\u0645\u0627\u0631\u0647 \u062a\u0645\u0627\u0633\t\t\t\t\t\t<\/span>\n\t\t\t\t\t<\/h3>\n\t\t\t\t\n\t\t\t\t\t\t\t\t\t<p class=\"elementor-icon-box-description\">\n\t\t\t\t\t\t03136271452 <br>03134713202\t\t\t\t\t<\/p>\n\t\t\t\t\n\t\t\t<\/div>\n\t\t\t\n\t\t<\/div>\n\t\t\t\t<\/div>\n\t\t\t\t<\/div>\n\t\t\t\t<div class=\"elementor-element elementor-element-b1e5825 elementor-position-right elementor-view-default elementor-mobile-position-top elementor-vertical-align-top elementor-widget elementor-widget-icon-box\" data-id=\"b1e5825\" data-element_type=\"widget\" data-widget_type=\"icon-box.default\">\n\t\t\t\t<div class=\"elementor-widget-container\">\n\t\t\t\t\t<div class=\"elementor-icon-box-wrapper\">\n\n\t\t\t\t\t\t<div class=\"elementor-icon-box-icon\">\n\t\t\t\t<span  class=\"elementor-icon elementor-animation-\">\n\t\t\t\t<svg aria-hidden=\"true\" class=\"e-font-icon-svg e-far-envelope\" viewBox=\"0 0 512 512\" xmlns=\"http:\/\/www.w3.org\/2000\/svg\"><path d=\"M464 64H48C21.49 64 0 85.49 0 112v288c0 26.51 21.49 48 48 48h416c26.51 0 48-21.49 48-48V112c0-26.51-21.49-48-48-48zm0 48v40.805c-22.422 18.259-58.168 46.651-134.587 106.49-16.841 13.247-50.201 45.072-73.413 44.701-23.208.375-56.579-31.459-73.413-44.701C106.18 199.465 70.425 171.067 48 152.805V112h416zM48 400V214.398c22.914 18.251 55.409 43.862 104.938 82.646 21.857 17.205 60.134 55.186 103.062 54.955 42.717.231 80.509-37.199 103.053-54.947 49.528-38.783 82.032-64.401 104.947-82.653V400H48z\"><\/path><\/svg>\t\t\t\t<\/span>\n\t\t\t<\/div>\n\t\t\t\n\t\t\t\t\t\t<div class=\"elementor-icon-box-content\">\n\n\t\t\t\t\t\t\t\t\t<h3 class=\"elementor-icon-box-title\">\n\t\t\t\t\t\t<span  >\n\t\t\t\t\t\t\t\u0627\u06cc\u0645\u06cc\u0644\t\t\t\t\t\t<\/span>\n\t\t\t\t\t<\/h3>\n\t\t\t\t\n\t\t\t\t\t\t\t\t\t<p class=\"elementor-icon-box-description\">\n\t\t\t\t\t\tinfo@espadanapioneers.com\t\t\t\t\t<\/p>\n\t\t\t\t\n\t\t\t<\/div>\n\t\t\t\n\t\t<\/div>\n\t\t\t\t<\/div>\n\t\t\t\t<\/div>\n\t\t\t\t<div class=\"elementor-element elementor-element-4b7c6b0 elementor-position-right elementor-view-default elementor-mobile-position-top elementor-vertical-align-top elementor-widget elementor-widget-icon-box\" data-id=\"4b7c6b0\" data-element_type=\"widget\" data-widget_type=\"icon-box.default\">\n\t\t\t\t<div class=\"elementor-widget-container\">\n\t\t\t\t\t<div class=\"elementor-icon-box-wrapper\">\n\n\t\t\t\t\t\t<div class=\"elementor-icon-box-icon\">\n\t\t\t\t<span  class=\"elementor-icon elementor-animation-\">\n\t\t\t\t<svg aria-hidden=\"true\" class=\"e-font-icon-svg e-far-clock\" viewBox=\"0 0 512 512\" xmlns=\"http:\/\/www.w3.org\/2000\/svg\"><path d=\"M256 8C119 8 8 119 8 256s111 248 248 248 248-111 248-248S393 8 256 8zm0 448c-110.5 0-200-89.5-200-200S145.5 56 256 56s200 89.5 200 200-89.5 200-200 200zm61.8-104.4l-84.9-61.7c-3.1-2.3-4.9-5.9-4.9-9.7V116c0-6.6 5.4-12 12-12h32c6.6 0 12 5.4 12 12v141.7l66.8 48.6c5.4 3.9 6.5 11.4 2.6 16.8L334.6 349c-3.9 5.3-11.4 6.5-16.8 2.6z\"><\/path><\/svg>\t\t\t\t<\/span>\n\t\t\t<\/div>\n\t\t\t\n\t\t\t\t\t\t<div class=\"elementor-icon-box-content\">\n\n\t\t\t\t\t\t\t\t\t<h3 class=\"elementor-icon-box-title\">\n\t\t\t\t\t\t<span  >\n\t\t\t\t\t\t\t\u0633\u0627\u0639\u0627\u062a \u06a9\u0627\u0631\u06cc\t\t\t\t\t\t<\/span>\n\t\t\t\t\t<\/h3>\n\t\t\t\t\n\t\t\t\t\t\t\t\t\t<p class=\"elementor-icon-box-description\">\n\t\t\t\t\t\t\u0634\u0646\u0628\u0647 \u062a\u0627 \u0686\u0647\u0627\u0631\u0634\u0646\u0628\u0647\u060c \u0627\u0632 8 \u0635\u0628\u062d \u062a\u0627 5 \u0639\u0635\u0631\t\t\t\t\t<\/p>\n\t\t\t\t\n\t\t\t<\/div>\n\t\t\t\n\t\t<\/div>\n\t\t\t\t<\/div>\n\t\t\t\t<\/div>\n\t\t\t\t<\/div>\n\t\t<div class=\"elementor-element elementor-element-44feb31 e-con-full e-flex e-con e-child\" data-id=\"44feb31\" data-element_type=\"container\">\n\t\t\t\t<div class=\"elementor-element elementor-element-08520bd elementor-widget elementor-widget-google_maps\" data-id=\"08520bd\" data-element_type=\"widget\" data-widget_type=\"google_maps.default\">\n\t\t\t\t<div class=\"elementor-widget-container\">\n\t\t\t\t\t<div class=\"elementor-custom-embed\">\n\t\t\t<iframe loading=\"lazy\"\n\t\t\t\t\tsrc=\"https:\/\/maps.google.com\/maps?q=14845%20Yonge%20St%2C%20702%2C%20Aurora%2C%20Ontario%2C%20Canada%2C%20L4G%206H8&#038;t=m&#038;z=15&#038;output=embed&#038;iwloc=near\"\n\t\t\t\t\ttitle=\"14845 Yonge St, 702, Aurora, Ontario, Canada, L4G 6H8\"\n\t\t\t\t\taria-label=\"14845 Yonge St, 702, Aurora, Ontario, Canada, L4G 6H8\"\n\t\t\t><\/iframe>\n\t\t<\/div>\n\t\t\t\t<\/div>\n\t\t\t\t<\/div>\n\t\t\t\t<\/div>\n\t\t\t\t\t<\/div>\n\t\t\t\t<\/div>\n\t\t\t\t<\/div>\n\t\t","protected":false},"excerpt":{"rendered":"<p>\u062a\u0645\u0627\u0633 \u0628\u0627 \u0645\u0627 \u0627\u0637\u0644\u0627\u0639\u0627\u062a \u062a\u0645\u0627\u0633 \u0645\u0627 \u062f\u0631 \u067e\u06cc\u0634\u0631\u0648 \u0637\u0628 \u0627\u0633\u067e\u0627\u062f\u0627\u0646\u0627 \u0647\u0645\u0648\u0627\u0631\u0647 \u0622\u0645\u0627\u062f\u0647 \u067e\u0627\u0633\u062e\u06af\u0648\u06cc\u06cc \u0628\u0647 \u0633\u0648\u0627\u0644\u0627\u062a \u0648 \u0646\u06cc\u0627\u0632\u0647\u0627\u06cc \u0634\u0645\u0627 \u0647\u0633\u062a\u06cc\u0645. \u0628\u0631\u0627\u06cc<\/p>\n","protected":false},"author":1,"featured_media":0,"parent":0,"menu_order":0,"comment_status":"closed","ping_status":"closed","template":"","meta":{"footnotes":""},"class_list":["post-16","page","type-page","status-publish","hentry"],"yoast_head":"<!-- This site is optimized with the Yoast SEO Premium plugin v22.6 (Yoast SEO v23.5) - https:\/\/yoast.com\/wordpress\/plugins\/seo\/ -->\n<title>\u062a\u0645\u0627\u0633 \u0628\u0627 \u0645\u0627 | \u0634\u0631\u06a9\u062a \u067e\u06cc\u0634\u0631\u0648 \u0637\u0628 \u0627\u0633\u067e\u0627\u062f\u0627\u0646\u0627<\/title>\n<meta name=\"robots\" content=\"index, follow, max-snippet:-1, max-image-preview:large, max-video-preview:-1\" \/>\n<link rel=\"canonical\" href=\"https:\/\/espadanapioneers.com\/fa\/contact-us\/\" \/>\n<meta property=\"og:locale\" content=\"fa_IR\" \/>\n<meta property=\"og:type\" content=\"article\" \/>\n<meta property=\"og:title\" content=\"\u062a\u0645\u0627\u0633 \u0628\u0627 \u0645\u0627\" \/>\n<meta property=\"og:description\" content=\"\u062a\u0645\u0627\u0633 \u0628\u0627 \u0645\u0627 \u0627\u0637\u0644\u0627\u0639\u0627\u062a \u062a\u0645\u0627\u0633 \u0645\u0627 \u062f\u0631 \u067e\u06cc\u0634\u0631\u0648 \u0637\u0628 \u0627\u0633\u067e\u0627\u062f\u0627\u0646\u0627 \u0647\u0645\u0648\u0627\u0631\u0647 \u0622\u0645\u0627\u062f\u0647 \u067e\u0627\u0633\u062e\u06af\u0648\u06cc\u06cc \u0628\u0647 \u0633\u0648\u0627\u0644\u0627\u062a \u0648 \u0646\u06cc\u0627\u0632\u0647\u0627\u06cc \u0634\u0645\u0627 \u0647\u0633\u062a\u06cc\u0645. \u0628\u0631\u0627\u06cc\" \/>\n<meta property=\"og:url\" content=\"https:\/\/espadanapioneers.com\/fa\/contact-us\/\" \/>\n<meta property=\"og:site_name\" content=\"\u0634\u0631\u06a9\u062a \u067e\u06cc\u0634\u0631\u0648 \u0637\u0628 \u0627\u0633\u067e\u0627\u062f\u0627\u0646\u0627\" \/>\n<meta property=\"article:modified_time\" content=\"2024-10-05T08:07:27+00:00\" \/>\n<meta property=\"og:image\" content=\"https:\/\/espadanapioneers.com\/fa\/wp-content\/uploads\/sites\/2\/2024\/06\/\u067e\u06cc\u0634\u0631\u0648-\u0637\u0628.webp\" \/>\n\t<meta property=\"og:image:width\" content=\"782\" \/>\n\t<meta property=\"og:image:height\" content=\"216\" \/>\n\t<meta property=\"og:image:type\" content=\"image\/webp\" \/>\n<meta name=\"twitter:card\" content=\"summary_large_image\" \/>\n<meta name=\"twitter:label1\" content=\"\u0632\u0645\u0627\u0646 \u062a\u0642\u0631\u06cc\u0628\u06cc \u0628\u0631\u0627\u06cc \u062e\u0648\u0627\u0646\u062f\u0646\" \/>\n\t<meta name=\"twitter:data1\" content=\"1 \u062f\u0642\u06cc\u0642\u0647\" \/>\n<script type=\"application\/ld+json\" class=\"yoast-schema-graph\">{\"@context\":\"https:\/\/schema.org\",\"@graph\":[{\"@type\":\"WebPage\",\"@id\":\"https:\/\/espadanapioneers.com\/fa\/contact-us\/\",\"url\":\"https:\/\/espadanapioneers.com\/fa\/contact-us\/\",\"name\":\"\u062a\u0645\u0627\u0633 \u0628\u0627 \u0645\u0627 | \u0634\u0631\u06a9\u062a \u067e\u06cc\u0634\u0631\u0648 \u0637\u0628 \u0627\u0633\u067e\u0627\u062f\u0627\u0646\u0627\",\"isPartOf\":{\"@id\":\"https:\/\/espadanapioneers.com\/fa\/#website\"},\"datePublished\":\"2024-05-05T22:24:52+00:00\",\"dateModified\":\"2024-10-05T08:07:27+00:00\",\"breadcrumb\":{\"@id\":\"https:\/\/espadanapioneers.com\/fa\/contact-us\/#breadcrumb\"},\"inLanguage\":\"fa-IR\",\"potentialAction\":[{\"@type\":\"ReadAction\",\"target\":[\"https:\/\/espadanapioneers.com\/fa\/contact-us\/\"]}]},{\"@type\":\"BreadcrumbList\",\"@id\":\"https:\/\/espadanapioneers.com\/fa\/contact-us\/#breadcrumb\",\"itemListElement\":[{\"@type\":\"ListItem\",\"position\":1,\"name\":\"Home\",\"item\":\"https:\/\/espadanapioneers.com\/fa\/\"},{\"@type\":\"ListItem\",\"position\":2,\"name\":\"\u062a\u0645\u0627\u0633 \u0628\u0627 \u0645\u0627\"}]},{\"@type\":\"WebSite\",\"@id\":\"https:\/\/espadanapioneers.com\/fa\/#website\",\"url\":\"https:\/\/espadanapioneers.com\/fa\/\",\"name\":\"\u0634\u0631\u06a9\u062a \u067e\u06cc\u0634\u0631\u0648 \u0637\u0628 \u0627\u0633\u067e\u0627\u062f\u0627\u0646\u0627\",\"description\":\"\",\"potentialAction\":[{\"@type\":\"SearchAction\",\"target\":{\"@type\":\"EntryPoint\",\"urlTemplate\":\"https:\/\/espadanapioneers.com\/fa\/?s={search_term_string}\"},\"query-input\":{\"@type\":\"PropertyValueSpecification\",\"valueRequired\":true,\"valueName\":\"search_term_string\"}}],\"inLanguage\":\"fa-IR\"}]}<\/script>\n<!-- \/ Yoast SEO Premium plugin. -->","yoast_head_json":{"title":"\u062a\u0645\u0627\u0633 \u0628\u0627 \u0645\u0627 | \u0634\u0631\u06a9\u062a \u067e\u06cc\u0634\u0631\u0648 \u0637\u0628 \u0627\u0633\u067e\u0627\u062f\u0627\u0646\u0627","robots":{"index":"index","follow":"follow","max-snippet":"max-snippet:-1","max-image-preview":"max-image-preview:large","max-video-preview":"max-video-preview:-1"},"canonical":"https:\/\/espadanapioneers.com\/fa\/contact-us\/","og_locale":"fa_IR","og_type":"article","og_title":"\u062a\u0645\u0627\u0633 \u0628\u0627 \u0645\u0627","og_description":"\u062a\u0645\u0627\u0633 \u0628\u0627 \u0645\u0627 \u0627\u0637\u0644\u0627\u0639\u0627\u062a \u062a\u0645\u0627\u0633 \u0645\u0627 \u062f\u0631 \u067e\u06cc\u0634\u0631\u0648 \u0637\u0628 \u0627\u0633\u067e\u0627\u062f\u0627\u0646\u0627 \u0647\u0645\u0648\u0627\u0631\u0647 \u0622\u0645\u0627\u062f\u0647 \u067e\u0627\u0633\u062e\u06af\u0648\u06cc\u06cc \u0628\u0647 \u0633\u0648\u0627\u0644\u0627\u062a \u0648 \u0646\u06cc\u0627\u0632\u0647\u0627\u06cc \u0634\u0645\u0627 \u0647\u0633\u062a\u06cc\u0645. \u0628\u0631\u0627\u06cc","og_url":"https:\/\/espadanapioneers.com\/fa\/contact-us\/","og_site_name":"\u0634\u0631\u06a9\u062a \u067e\u06cc\u0634\u0631\u0648 \u0637\u0628 \u0627\u0633\u067e\u0627\u062f\u0627\u0646\u0627","article_modified_time":"2024-10-05T08:07:27+00:00","og_image":[{"width":782,"height":216,"url":"https:\/\/espadanapioneers.com\/fa\/wp-content\/uploads\/sites\/2\/2024\/06\/\u067e\u06cc\u0634\u0631\u0648-\u0637\u0628.webp","type":"image\/webp"}],"twitter_card":"summary_large_image","twitter_misc":{"\u0632\u0645\u0627\u0646 \u062a\u0642\u0631\u06cc\u0628\u06cc \u0628\u0631\u0627\u06cc \u062e\u0648\u0627\u0646\u062f\u0646":"1 \u062f\u0642\u06cc\u0642\u0647"},"schema":{"@context":"https:\/\/schema.org","@graph":[{"@type":"WebPage","@id":"https:\/\/espadanapioneers.com\/fa\/contact-us\/","url":"https:\/\/espadanapioneers.com\/fa\/contact-us\/","name":"\u062a\u0645\u0627\u0633 \u0628\u0627 \u0645\u0627 | \u0634\u0631\u06a9\u062a \u067e\u06cc\u0634\u0631\u0648 \u0637\u0628 \u0627\u0633\u067e\u0627\u062f\u0627\u0646\u0627","isPartOf":{"@id":"https:\/\/espadanapioneers.com\/fa\/#website"},"datePublished":"2024-05-05T22:24:52+00:00","dateModified":"2024-10-05T08:07:27+00:00","breadcrumb":{"@id":"https:\/\/espadanapioneers.com\/fa\/contact-us\/#breadcrumb"},"inLanguage":"fa-IR","potentialAction":[{"@type":"ReadAction","target":["https:\/\/espadanapioneers.com\/fa\/contact-us\/"]}]},{"@type":"BreadcrumbList","@id":"https:\/\/espadanapioneers.com\/fa\/contact-us\/#breadcrumb","itemListElement":[{"@type":"ListItem","position":1,"name":"Home","item":"https:\/\/espadanapioneers.com\/fa\/"},{"@type":"ListItem","position":2,"name":"\u062a\u0645\u0627\u0633 \u0628\u0627 \u0645\u0627"}]},{"@type":"WebSite","@id":"https:\/\/espadanapioneers.com\/fa\/#website","url":"https:\/\/espadanapioneers.com\/fa\/","name":"\u0634\u0631\u06a9\u062a \u067e\u06cc\u0634\u0631\u0648 \u0637\u0628 \u0627\u0633\u067e\u0627\u062f\u0627\u0646\u0627","description":"","potentialAction":[{"@type":"SearchAction","target":{"@type":"EntryPoint","urlTemplate":"https:\/\/espadanapioneers.com\/fa\/?s={search_term_string}"},"query-input":{"@type":"PropertyValueSpecification","valueRequired":true,"valueName":"search_term_string"}}],"inLanguage":"fa-IR"}]}},"_links":{"self":[{"href":"https:\/\/espadanapioneers.com\/fa\/wp-json\/wp\/v2\/pages\/16","targetHints":{"allow":["GET"]}}],"collection":[{"href":"https:\/\/espadanapioneers.com\/fa\/wp-json\/wp\/v2\/pages"}],"about":[{"href":"https:\/\/espadanapioneers.com\/fa\/wp-json\/wp\/v2\/types\/page"}],"author":[{"embeddable":true,"href":"https:\/\/espadanapioneers.com\/fa\/wp-json\/wp\/v2\/users\/1"}],"replies":[{"embeddable":true,"href":"https:\/\/espadanapioneers.com\/fa\/wp-json\/wp\/v2\/comments?post=16"}],"version-history":[{"count":28,"href":"https:\/\/espadanapioneers.com\/fa\/wp-json\/wp\/v2\/pages\/16\/revisions"}],"predecessor-version":[{"id":466,"href":"https:\/\/espadanapioneers.com\/fa\/wp-json\/wp\/v2\/pages\/16\/revisions\/466"}],"wp:attachment":[{"href":"https:\/\/espadanapioneers.com\/fa\/wp-json\/wp\/v2\/media?parent=16"}],"curies":[{"name":"wp","href":"https:\/\/api.w.org\/{rel}","templated":true}]}}